{"id":884,"date":"2025-01-14T15:37:49","date_gmt":"2025-01-14T14:37:49","guid":{"rendered":"https:\/\/www.mepox.sk\/?page_id=884"},"modified":"2026-01-13T17:45:54","modified_gmt":"2026-01-13T16:45:54","slug":"dakujeme-za-spravu","status":"publish","type":"page","link":"https:\/\/www.mepox.sk\/cs\/dakujeme-za-spravu\/","title":{"rendered":"\u010eakujeme za spr\u00e1vu"},"content":{"rendered":"\t\t<div data-elementor-type=\"wp-page\" data-elementor-id=\"884\" class=\"elementor elementor-884\" data-elementor-post-type=\"page\">\n\t\t\t\t<div class=\"elementor-element elementor-element-8111290 e-flex e-con-boxed e-con e-parent\" data-id=\"8111290\" data-element_type=\"container\" data-e-type=\"container\">\n\t\t\t\t\t<div class=\"e-con-inner\">\n\t\t\t\t<div class=\"elementor-element elementor-element-110f0ea elementor-widget elementor-widget-heading\" data-id=\"110f0ea\" data-element_type=\"widget\" data-e-type=\"widget\" data-widget_type=\"heading.default\">\n\t\t\t\t<div class=\"elementor-widget-container\">\n\t\t\t\t\t<h1 class=\"elementor-heading-title elementor-size-default\">\u010eakujeme za odoslanie spr\u00e1vy, budeme V\u00e1s kontaktova\u0165.<\/h1>\t\t\t\t<\/div>\n\t\t\t\t<\/div>\n\t\t\t\t<div class=\"elementor-element elementor-element-cd42ae2 elementor-widget elementor-widget-html\" data-id=\"cd42ae2\" data-element_type=\"widget\" data-e-type=\"widget\" data-widget_type=\"html.default\">\n\t\t\t\t<div class=\"elementor-widget-container\">\n\t\t\t\t\t<!-- Google tag (gtag.js) -->\r\n<script async src=\"https:\/\/www.googletagmanager.com\/gtag\/js?id=AW-11560157873\"><\/script>\r\n<script>\r\n  window.dataLayer = window.dataLayer || [];\r\n  function gtag(){dataLayer.push(arguments);}\r\n  gtag('js', new Date());\r\n\r\n  gtag('config', 'AW-11560157873');\r\n<\/script>\r\n\r\n<!-- Event snippet for Odoslanie formul\u00e1ra pre potenci\u00e1lnych z\u00e1kazn\u00edkov conversion page -->\r\n<script>\r\n  gtag('event', 'conversion', {'send_to': 'AW-11560157873\/ZY-bCPzHq4oaELGFqIgr'});\r\n<\/script>\r\n\t\t\t\t<\/div>\n\t\t\t\t<\/div>\n\t\t\t\t\t<\/div>\n\t\t\t\t<\/div>\n\t\t\t\t<\/div>\n\t\t","protected":false},"excerpt":{"rendered":"<p>\u010eakujeme za odoslanie spr\u00e1vy, budeme V\u00e1s kontaktova\u0165.<\/p>\n","protected":false},"author":1,"featured_media":0,"parent":0,"menu_order":0,"comment_status":"closed","ping_status":"closed","template":"","meta":{"site-sidebar-layout":"no-sidebar","site-content-layout":"","ast-site-content-layout":"full-width-container","site-content-style":"default","site-sidebar-style":"default","ast-global-header-display":"","ast-banner-title-visibility":"","ast-main-header-display":"","ast-hfb-above-header-display":"","ast-hfb-below-header-display":"","ast-hfb-mobile-header-display":"","site-post-title":"disabled","ast-breadcrumbs-content":"","ast-featured-img":"disabled","footer-sml-layout":"","ast-disable-related-posts":"","theme-transparent-header-meta":"","adv-header-id-meta":"","stick-header-meta":"","header-above-stick-meta":"","header-main-stick-meta":"","header-below-stick-meta":"","astra-migrate-meta-layouts":"default","ast-page-background-enabled":"default","ast-page-background-meta":{"desktop":{"background-color":"var(--ast-global-color-4)","background-image":"","background-repeat":"repeat","background-position":"center center","background-size":"auto","background-attachment":"scroll","background-type":"","background-media":"","overlay-type":"","overlay-color":"","overlay-opacity":"","overlay-gradient":""},"tablet":{"background-color":"","background-image":"","background-repeat":"repeat","background-position":"center center","background-size":"auto","background-attachment":"scroll","background-type":"","background-media":"","overlay-type":"","overlay-color":"","overlay-opacity":"","overlay-gradient":""},"mobile":{"background-color":"","background-image":"","background-repeat":"repeat","background-position":"center center","background-size":"auto","background-attachment":"scroll","background-type":"","background-media":"","overlay-type":"","overlay-color":"","overlay-opacity":"","overlay-gradient":""}},"ast-content-background-meta":{"desktop":{"background-color":"var(--ast-global-color-5)","background-image":"","background-repeat":"repeat","background-position":"center center","background-size":"auto","background-attachment":"scroll","background-type":"","background-media":"","overlay-type":"","overlay-color":"","overlay-opacity":"","overlay-gradient":""},"tablet":{"background-color":"var(--ast-global-color-5)","background-image":"","background-repeat":"repeat","background-position":"center center","background-size":"auto","background-attachment":"scroll","background-type":"","background-media":"","overlay-type":"","overlay-color":"","overlay-opacity":"","overlay-gradient":""},"mobile":{"background-color":"var(--ast-global-color-5)","background-image":"","background-repeat":"repeat","background-position":"center center","background-size":"auto","background-attachment":"scroll","background-type":"","background-media":"","overlay-type":"","overlay-color":"","overlay-opacity":"","overlay-gradient":""}},"footnotes":""},"class_list":["post-884","page","type-page","status-publish","hentry"],"yoast_head":"<!-- This site is optimized with the Yoast SEO Premium plugin v25.9 (Yoast SEO v26.8) - https:\/\/yoast.com\/product\/yoast-seo-premium-wordpress\/ -->\n<title>\u010eakujeme za spr\u00e1vu - Mepox<\/title>\n<meta name=\"robots\" content=\"index, follow, max-snippet:-1, max-image-preview:large, max-video-preview:-1\" \/>\n<link rel=\"canonical\" href=\"https:\/\/www.mepox.sk\/cs\/dakujeme-za-spravu\/\" \/>\n<meta property=\"og:locale\" content=\"cs_CZ\" \/>\n<meta property=\"og:type\" content=\"article\" \/>\n<meta property=\"og:title\" content=\"\u010eakujeme za spr\u00e1vu\" \/>\n<meta property=\"og:description\" content=\"\u010eakujeme za odoslanie spr\u00e1vy, budeme V\u00e1s kontaktova\u0165.\" \/>\n<meta property=\"og:url\" content=\"https:\/\/www.mepox.sk\/cs\/dakujeme-za-spravu\/\" \/>\n<meta property=\"og:site_name\" content=\"Mepox\" \/>\n<meta property=\"article:modified_time\" content=\"2026-01-13T16:45:54+00:00\" \/>\n<meta name=\"twitter:card\" content=\"summary_large_image\" \/>\n<meta name=\"twitter:label1\" content=\"Odhadovan\u00e1 doba \u010dten\u00ed\" \/>\n\t<meta name=\"twitter:data1\" content=\"1 minuta\" \/>\n<script type=\"application\/ld+json\" class=\"yoast-schema-graph\">{\"@context\":\"https:\/\/schema.org\",\"@graph\":[{\"@type\":\"WebPage\",\"@id\":\"https:\/\/www.mepox.sk\/cs\/dakujeme-za-spravu\/\",\"url\":\"https:\/\/www.mepox.sk\/cs\/dakujeme-za-spravu\/\",\"name\":\"\u010eakujeme za spr\u00e1vu - Mepox\",\"isPartOf\":{\"@id\":\"https:\/\/www.mepox.sk\/cs\/#website\"},\"datePublished\":\"2025-01-14T14:37:49+00:00\",\"dateModified\":\"2026-01-13T16:45:54+00:00\",\"breadcrumb\":{\"@id\":\"https:\/\/www.mepox.sk\/cs\/dakujeme-za-spravu\/#breadcrumb\"},\"inLanguage\":\"cs\",\"potentialAction\":[{\"@type\":\"ReadAction\",\"target\":[\"https:\/\/www.mepox.sk\/cs\/dakujeme-za-spravu\/\"]}]},{\"@type\":\"BreadcrumbList\",\"@id\":\"https:\/\/www.mepox.sk\/cs\/dakujeme-za-spravu\/#breadcrumb\",\"itemListElement\":[{\"@type\":\"ListItem\",\"position\":1,\"name\":\"Domovsk\u00e1 str\u00e1nka\",\"item\":\"https:\/\/www.mepox.sk\/cs\/\"},{\"@type\":\"ListItem\",\"position\":2,\"name\":\"\u010eakujeme za spr\u00e1vu\"}]},{\"@type\":\"WebSite\",\"@id\":\"https:\/\/www.mepox.sk\/cs\/#website\",\"url\":\"https:\/\/www.mepox.sk\/cs\/\",\"name\":\"Mepox\",\"description\":\"\",\"potentialAction\":[{\"@type\":\"SearchAction\",\"target\":{\"@type\":\"EntryPoint\",\"urlTemplate\":\"https:\/\/www.mepox.sk\/cs\/?s={search_term_string}\"},\"query-input\":{\"@type\":\"PropertyValueSpecification\",\"valueRequired\":true,\"valueName\":\"search_term_string\"}}],\"inLanguage\":\"cs\"},{\"@type\":\"ImageObject\",\"inLanguage\":\"cs\",\"@id\":\"https:\/\/www.mepox.sk\/cs\/dakujeme-za-spravu\/#local-main-organization-logo\",\"url\":\"\",\"contentUrl\":\"\",\"caption\":\"Mepox\"}]}<\/script>\n<meta name=\"geo.placename\" content=\"\u010cierne\" \/>\n<!-- \/ Yoast SEO Premium plugin. -->","yoast_head_json":{"title":"\u010eakujeme za spr\u00e1vu - Mepox","robots":{"index":"index","follow":"follow","max-snippet":"max-snippet:-1","max-image-preview":"max-image-preview:large","max-video-preview":"max-video-preview:-1"},"canonical":"https:\/\/www.mepox.sk\/cs\/dakujeme-za-spravu\/","og_locale":"cs_CZ","og_type":"article","og_title":"\u010eakujeme za spr\u00e1vu","og_description":"\u010eakujeme za odoslanie spr\u00e1vy, budeme V\u00e1s kontaktova\u0165.","og_url":"https:\/\/www.mepox.sk\/cs\/dakujeme-za-spravu\/","og_site_name":"Mepox","article_modified_time":"2026-01-13T16:45:54+00:00","twitter_card":"summary_large_image","twitter_misc":{"Odhadovan\u00e1 doba \u010dten\u00ed":"1 minuta"},"schema":{"@context":"https:\/\/schema.org","@graph":[{"@type":"WebPage","@id":"https:\/\/www.mepox.sk\/cs\/dakujeme-za-spravu\/","url":"https:\/\/www.mepox.sk\/cs\/dakujeme-za-spravu\/","name":"\u010eakujeme za spr\u00e1vu - Mepox","isPartOf":{"@id":"https:\/\/www.mepox.sk\/cs\/#website"},"datePublished":"2025-01-14T14:37:49+00:00","dateModified":"2026-01-13T16:45:54+00:00","breadcrumb":{"@id":"https:\/\/www.mepox.sk\/cs\/dakujeme-za-spravu\/#breadcrumb"},"inLanguage":"cs","potentialAction":[{"@type":"ReadAction","target":["https:\/\/www.mepox.sk\/cs\/dakujeme-za-spravu\/"]}]},{"@type":"BreadcrumbList","@id":"https:\/\/www.mepox.sk\/cs\/dakujeme-za-spravu\/#breadcrumb","itemListElement":[{"@type":"ListItem","position":1,"name":"Domovsk\u00e1 str\u00e1nka","item":"https:\/\/www.mepox.sk\/cs\/"},{"@type":"ListItem","position":2,"name":"\u010eakujeme za spr\u00e1vu"}]},{"@type":"WebSite","@id":"https:\/\/www.mepox.sk\/cs\/#website","url":"https:\/\/www.mepox.sk\/cs\/","name":"Mepox","description":"","potentialAction":[{"@type":"SearchAction","target":{"@type":"EntryPoint","urlTemplate":"https:\/\/www.mepox.sk\/cs\/?s={search_term_string}"},"query-input":{"@type":"PropertyValueSpecification","valueRequired":true,"valueName":"search_term_string"}}],"inLanguage":"cs"},{"@type":"ImageObject","inLanguage":"cs","@id":"https:\/\/www.mepox.sk\/cs\/dakujeme-za-spravu\/#local-main-organization-logo","url":"","contentUrl":"","caption":"Mepox"}]},"geo.placename":"\u010cierne"},"_links":{"self":[{"href":"https:\/\/www.mepox.sk\/cs\/wp-json\/wp\/v2\/pages\/884","targetHints":{"allow":["GET"]}}],"collection":[{"href":"https:\/\/www.mepox.sk\/cs\/wp-json\/wp\/v2\/pages"}],"about":[{"href":"https:\/\/www.mepox.sk\/cs\/wp-json\/wp\/v2\/types\/page"}],"author":[{"embeddable":true,"href":"https:\/\/www.mepox.sk\/cs\/wp-json\/wp\/v2\/users\/1"}],"replies":[{"embeddable":true,"href":"https:\/\/www.mepox.sk\/cs\/wp-json\/wp\/v2\/comments?post=884"}],"version-history":[{"count":1,"href":"https:\/\/www.mepox.sk\/cs\/wp-json\/wp\/v2\/pages\/884\/revisions"}],"predecessor-version":[{"id":885,"href":"https:\/\/www.mepox.sk\/cs\/wp-json\/wp\/v2\/pages\/884\/revisions\/885"}],"wp:attachment":[{"href":"https:\/\/www.mepox.sk\/cs\/wp-json\/wp\/v2\/media?parent=884"}],"curies":[{"name":"wp","href":"https:\/\/api.w.org\/{rel}","templated":true}]}}