{"id":866,"date":"2024-11-06T20:56:14","date_gmt":"2024-11-06T19:56:14","guid":{"rendered":"https:\/\/www.mepox.sk\/?page_id=866"},"modified":"2026-01-13T17:38:40","modified_gmt":"2026-01-13T16:38:40","slug":"sluzby","status":"publish","type":"page","link":"https:\/\/www.mepox.sk\/cs\/sluzby\/","title":{"rendered":"Slu\u017eby"},"content":{"rendered":"\t\t<div data-elementor-type=\"wp-page\" data-elementor-id=\"866\" class=\"elementor elementor-866\" data-elementor-post-type=\"page\">\n\t\t\t\t\t\t<section class=\"elementor-section elementor-top-section elementor-element elementor-element-52ea6a77 elementor-section-height-min-height elementor-section-boxed elementor-section-height-default elementor-section-items-middle\" data-id=\"52ea6a77\" data-element_type=\"section\" data-e-type=\"section\" data-settings=\"{&quot;background_background&quot;:&quot;classic&quot;}\">\n\t\t\t\t\t\t\t<div class=\"elementor-background-overlay\"><\/div>\n\t\t\t\t\t\t\t<div class=\"elementor-container elementor-column-gap-default\">\n\t\t\t\t\t<div class=\"elementor-column elementor-col-100 elementor-top-column elementor-element elementor-element-1d695f57\" data-id=\"1d695f57\" data-element_type=\"column\" data-e-type=\"column\">\n\t\t\t<div class=\"elementor-widget-wrap elementor-element-populated\">\n\t\t\t\t\t\t<div class=\"elementor-element elementor-element-5f0d4bf8 elementor-widget elementor-widget-heading\" data-id=\"5f0d4bf8\" data-element_type=\"widget\" data-e-type=\"widget\" data-widget_type=\"heading.default\">\n\t\t\t\t<div class=\"elementor-widget-container\">\n\t\t\t\t\t<h1 class=\"elementor-heading-title elementor-size-default\">Slu\u017eby<\/h1>\t\t\t\t<\/div>\n\t\t\t\t<\/div>\n\t\t\t\t\t<\/div>\n\t\t<\/div>\n\t\t\t\t\t<\/div>\n\t\t<\/section>\n\t\t\t\t<section class=\"elementor-section elementor-top-section elementor-element elementor-element-e792a84 elementor-section-boxed elementor-section-height-default elementor-section-height-default\" data-id=\"e792a84\" data-element_type=\"section\" data-e-type=\"section\">\n\t\t\t\t\t\t<div class=\"elementor-container elementor-column-gap-default\">\n\t\t\t\t\t<div class=\"elementor-column elementor-col-33 elementor-top-column elementor-element elementor-element-077f863 animated-slow elementor-invisible\" data-id=\"077f863\" data-element_type=\"column\" data-e-type=\"column\" data-settings=\"{&quot;animation&quot;:&quot;fadeInDown&quot;}\">\n\t\t\t<div class=\"elementor-widget-wrap elementor-element-populated\">\n\t\t\t\t\t\t<div class=\"elementor-element elementor-element-0255b9c elementor-widget elementor-widget-image\" data-id=\"0255b9c\" data-element_type=\"widget\" data-e-type=\"widget\" data-widget_type=\"image.default\">\n\t\t\t\t<div class=\"elementor-widget-container\">\n\t\t\t\t\t\t\t\t\t\t\t\t\t\t\t<img fetchpriority=\"high\" decoding=\"async\" width=\"300\" height=\"300\" src=\"https:\/\/www.mepox.sk\/wp-content\/uploads\/2024\/11\/repair-services-line-design-style-icons-set-23HQ4V2a.png\" class=\"attachment-full size-full wp-image-88\" alt=\"\" srcset=\"https:\/\/www.mepox.sk\/wp-content\/uploads\/2024\/11\/repair-services-line-design-style-icons-set-23HQ4V2a.png 300w, https:\/\/www.mepox.sk\/wp-content\/uploads\/2024\/11\/repair-services-line-design-style-icons-set-23HQ4V2a-150x150.png 150w\" sizes=\"(max-width: 300px) 100vw, 300px\" \/>\t\t\t\t\t\t\t\t\t\t\t\t\t\t\t<\/div>\n\t\t\t\t<\/div>\n\t\t\t\t<div class=\"elementor-element elementor-element-8fdd551 elementor-vertical-align-top elementor-widget elementor-widget-image-box\" data-id=\"8fdd551\" data-element_type=\"widget\" data-e-type=\"widget\" data-widget_type=\"image-box.default\">\n\t\t\t\t<div class=\"elementor-widget-container\">\n\t\t\t\t\t<div class=\"elementor-image-box-wrapper\"><div class=\"elementor-image-box-content\"><h5 class=\"elementor-image-box-title\">Epoxidov\u00e9 podlahy<\/h5><p class=\"elementor-image-box-description\">Epoxidov\u00e9 podlahy jsou ide\u00e1ln\u00edm \u0159e\u0161en\u00edm pro prostory, kter\u00e9 vy\u017eaduj\u00ed vysokou odolnost a dlouhou \u017eivotnost. Nab\u00edzej\u00ed pevn\u00fd a vod\u011bodoln\u00fd povrch a z\u00e1rove\u0148 \u0161irok\u00e9 barevn\u00e9 mo\u017enosti, d\u00edky nim\u017e lze vzhled podlahy p\u0159izp\u016fsobit konkr\u00e9tn\u00edmu prostoru. Jsou vhodn\u00e9 zejm\u00e9na pro pr\u016fmyslov\u00e9 provozy, gar\u00e1\u017ee a podzemn\u00ed parkovi\u0161t\u011b, kde je nutn\u00e1 odolnost v\u016f\u010di chemik\u00e1li\u00edm a mechanick\u00e9mu zat\u00ed\u017een\u00ed.<\/p><\/div><\/div>\t\t\t\t<\/div>\n\t\t\t\t<\/div>\n\t\t\t\t<div class=\"elementor-element elementor-element-fe5642e elementor-align-center elementor-widget elementor-widget-button\" data-id=\"fe5642e\" data-element_type=\"widget\" data-e-type=\"widget\" data-widget_type=\"button.default\">\n\t\t\t\t<div class=\"elementor-widget-container\">\n\t\t\t\t\t\t\t\t\t<div class=\"elementor-button-wrapper\">\n\t\t\t\t\t<a class=\"elementor-button elementor-button-link elementor-size-sm\" href=\"https:\/\/www.mepox.sk\/cs\/epoxidove-podlahy\/\">\n\t\t\t\t\t\t<span class=\"elementor-button-content-wrapper\">\n\t\t\t\t\t\t<span class=\"elementor-button-icon\">\n\t\t\t\t<svg aria-hidden=\"true\" class=\"e-font-icon-svg e-fas-arrow-right\" viewBox=\"0 0 448 512\" xmlns=\"http:\/\/www.w3.org\/2000\/svg\"><path d=\"M190.5 66.9l22.2-22.2c9.4-9.4 24.6-9.4 33.9 0L441 239c9.4 9.4 9.4 24.6 0 33.9L246.6 467.3c-9.4 9.4-24.6 9.4-33.9 0l-22.2-22.2c-9.5-9.5-9.3-25 .4-34.3L311.4 296H24c-13.3 0-24-10.7-24-24v-32c0-13.3 10.7-24 24-24h287.4L190.9 101.2c-9.8-9.3-10-24.8-.4-34.3z\"><\/path><\/svg>\t\t\t<\/span>\n\t\t\t\t\t\t\t\t\t<span class=\"elementor-button-text\">Zobrazit v\u00edce<\/span>\n\t\t\t\t\t<\/span>\n\t\t\t\t\t<\/a>\n\t\t\t\t<\/div>\n\t\t\t\t\t\t\t\t<\/div>\n\t\t\t\t<\/div>\n\t\t\t\t\t<\/div>\n\t\t<\/div>\n\t\t\t\t<div class=\"elementor-column elementor-col-33 elementor-top-column elementor-element elementor-element-849d65e animated-slow elementor-invisible\" data-id=\"849d65e\" data-element_type=\"column\" data-e-type=\"column\" data-settings=\"{&quot;animation&quot;:&quot;fadeInDown&quot;}\">\n\t\t\t<div class=\"elementor-widget-wrap elementor-element-populated\">\n\t\t\t\t\t\t<div class=\"elementor-element elementor-element-3eedc68 elementor-widget elementor-widget-image\" data-id=\"3eedc68\" data-element_type=\"widget\" data-e-type=\"widget\" data-widget_type=\"image.default\">\n\t\t\t\t<div class=\"elementor-widget-container\">\n\t\t\t\t\t\t\t\t\t\t\t\t\t\t\t<img decoding=\"async\" width=\"300\" height=\"300\" src=\"https:\/\/www.mepox.sk\/wp-content\/uploads\/2024\/11\/repair-services-line-design-style-icons-set-23HQ4V2b.png\" class=\"attachment-full size-full wp-image-93\" alt=\"\" srcset=\"https:\/\/www.mepox.sk\/wp-content\/uploads\/2024\/11\/repair-services-line-design-style-icons-set-23HQ4V2b.png 300w, https:\/\/www.mepox.sk\/wp-content\/uploads\/2024\/11\/repair-services-line-design-style-icons-set-23HQ4V2b-150x150.png 150w\" sizes=\"(max-width: 300px) 100vw, 300px\" \/>\t\t\t\t\t\t\t\t\t\t\t\t\t\t\t<\/div>\n\t\t\t\t<\/div>\n\t\t\t\t<div class=\"elementor-element elementor-element-5d0dc5c elementor-vertical-align-top elementor-widget elementor-widget-image-box\" data-id=\"5d0dc5c\" data-element_type=\"widget\" data-e-type=\"widget\" data-widget_type=\"image-box.default\">\n\t\t\t\t<div class=\"elementor-widget-container\">\n\t\t\t\t\t<div class=\"elementor-image-box-wrapper\"><div class=\"elementor-image-box-content\"><h5 class=\"elementor-image-box-title\">Polyuretanov\u00e9 podlahy<\/h5><p class=\"elementor-image-box-description\">Polyuretanov\u00e9 podlahy jsou zn\u00e1m\u00e9 svou pru\u017enost\u00ed a odolnost\u00ed v\u016f\u010di n\u00e1raz\u016fm, d\u00edky \u010demu\u017e jsou v\u00fdbornou volbou pro obytn\u00e9 i komer\u010dn\u00ed prostory. Jsou odoln\u00e9 v\u016f\u010di UV z\u00e1\u0159en\u00ed a zachov\u00e1vaj\u00ed si sv\u016fj vzhled i p\u0159i dlouhodob\u00e9m vystaven\u00ed slune\u010dn\u00edmu sv\u011btlu. Nab\u00edzej\u00ed vysokou flexibilitu, jsou pohodln\u00e9 p\u0159i ch\u016fzi a z\u00e1rove\u0148 chr\u00e1n\u00ed povrch p\u0159ed prasklinami a po\u0161kr\u00e1b\u00e1n\u00edm.<\/p><\/div><\/div>\t\t\t\t<\/div>\n\t\t\t\t<\/div>\n\t\t\t\t<div class=\"elementor-element elementor-element-ff50453 elementor-align-center elementor-widget elementor-widget-button\" data-id=\"ff50453\" data-element_type=\"widget\" data-e-type=\"widget\" data-widget_type=\"button.default\">\n\t\t\t\t<div class=\"elementor-widget-container\">\n\t\t\t\t\t\t\t\t\t<div class=\"elementor-button-wrapper\">\n\t\t\t\t\t<a class=\"elementor-button elementor-button-link elementor-size-sm\" href=\"https:\/\/www.mepox.sk\/cs\/polyuretanove-podlahy\/\">\n\t\t\t\t\t\t<span class=\"elementor-button-content-wrapper\">\n\t\t\t\t\t\t<span class=\"elementor-button-icon\">\n\t\t\t\t<svg aria-hidden=\"true\" class=\"e-font-icon-svg e-fas-arrow-right\" viewBox=\"0 0 448 512\" xmlns=\"http:\/\/www.w3.org\/2000\/svg\"><path d=\"M190.5 66.9l22.2-22.2c9.4-9.4 24.6-9.4 33.9 0L441 239c9.4 9.4 9.4 24.6 0 33.9L246.6 467.3c-9.4 9.4-24.6 9.4-33.9 0l-22.2-22.2c-9.5-9.5-9.3-25 .4-34.3L311.4 296H24c-13.3 0-24-10.7-24-24v-32c0-13.3 10.7-24 24-24h287.4L190.9 101.2c-9.8-9.3-10-24.8-.4-34.3z\"><\/path><\/svg>\t\t\t<\/span>\n\t\t\t\t\t\t\t\t\t<span class=\"elementor-button-text\">Zobrazit v\u00edce<\/span>\n\t\t\t\t\t<\/span>\n\t\t\t\t\t<\/a>\n\t\t\t\t<\/div>\n\t\t\t\t\t\t\t\t<\/div>\n\t\t\t\t<\/div>\n\t\t\t\t\t<\/div>\n\t\t<\/div>\n\t\t\t\t<div class=\"elementor-column elementor-col-33 elementor-top-column elementor-element elementor-element-d7beace animated-slow elementor-invisible\" data-id=\"d7beace\" data-element_type=\"column\" data-e-type=\"column\" data-settings=\"{&quot;animation&quot;:&quot;fadeInDown&quot;}\">\n\t\t\t<div class=\"elementor-widget-wrap elementor-element-populated\">\n\t\t\t\t\t\t<div class=\"elementor-element elementor-element-6251069 elementor-widget elementor-widget-image\" data-id=\"6251069\" data-element_type=\"widget\" data-e-type=\"widget\" data-widget_type=\"image.default\">\n\t\t\t\t<div class=\"elementor-widget-container\">\n\t\t\t\t\t\t\t\t\t\t\t\t\t\t\t<img decoding=\"async\" width=\"300\" height=\"300\" src=\"https:\/\/www.mepox.sk\/wp-content\/uploads\/2024\/11\/repair-services-line-design-style-icons-set-23HQ4V2c.png\" class=\"attachment-full size-full wp-image-94\" alt=\"\" srcset=\"https:\/\/www.mepox.sk\/wp-content\/uploads\/2024\/11\/repair-services-line-design-style-icons-set-23HQ4V2c.png 300w, https:\/\/www.mepox.sk\/wp-content\/uploads\/2024\/11\/repair-services-line-design-style-icons-set-23HQ4V2c-150x150.png 150w\" sizes=\"(max-width: 300px) 100vw, 300px\" \/>\t\t\t\t\t\t\t\t\t\t\t\t\t\t\t<\/div>\n\t\t\t\t<\/div>\n\t\t\t\t<div class=\"elementor-element elementor-element-aae6323 elementor-vertical-align-top elementor-widget elementor-widget-image-box\" data-id=\"aae6323\" data-element_type=\"widget\" data-e-type=\"widget\" data-widget_type=\"image-box.default\">\n\t\t\t\t<div class=\"elementor-widget-container\">\n\t\t\t\t\t<div class=\"elementor-image-box-wrapper\"><div class=\"elementor-image-box-content\"><h5 class=\"elementor-image-box-title\">Polyuretan betonov\u00e9 podlahy UCRETE<\/h5><p class=\"elementor-image-box-description\">Polyuretan betonov\u00e9 podlahy UCRETE p\u0159edstavuj\u00ed speci\u00e1ln\u00ed \u0159e\u0161en\u00ed pro extr\u00e9mn\u011b n\u00e1ro\u010dn\u00e9 provozy. Vynikaj\u00ed odolnost\u00ed v\u016f\u010di vysok\u00fdm teplot\u00e1m, chemik\u00e1li\u00edm a mechanick\u00e9mu zat\u00ed\u017een\u00ed, co\u017e z nich \u010din\u00ed ide\u00e1ln\u00ed volbu pro farmaceutick\u00fd a potravin\u00e1\u0159sk\u00fd pr\u016fmysl. UCRETE podlahy jsou hygienick\u00e9, nepor\u00e9zn\u00ed a snadno udr\u017eovateln\u00e9, d\u00edky \u010demu\u017e spl\u0148uj\u00ed p\u0159\u00edsn\u00e9 normy \u010distoty a bezpe\u010dnosti.<\/p><\/div><\/div>\t\t\t\t<\/div>\n\t\t\t\t<\/div>\n\t\t\t\t<div class=\"elementor-element elementor-element-1c9dd9a elementor-align-center elementor-widget elementor-widget-button\" data-id=\"1c9dd9a\" data-element_type=\"widget\" data-e-type=\"widget\" data-widget_type=\"button.default\">\n\t\t\t\t<div class=\"elementor-widget-container\">\n\t\t\t\t\t\t\t\t\t<div class=\"elementor-button-wrapper\">\n\t\t\t\t\t<a class=\"elementor-button elementor-button-link elementor-size-sm\" href=\"https:\/\/www.mepox.sk\/cs\/polyuretanbetonove-podlahy-ucrete\/\">\n\t\t\t\t\t\t<span class=\"elementor-button-content-wrapper\">\n\t\t\t\t\t\t<span class=\"elementor-button-icon\">\n\t\t\t\t<svg aria-hidden=\"true\" class=\"e-font-icon-svg e-fas-arrow-right\" viewBox=\"0 0 448 512\" xmlns=\"http:\/\/www.w3.org\/2000\/svg\"><path d=\"M190.5 66.9l22.2-22.2c9.4-9.4 24.6-9.4 33.9 0L441 239c9.4 9.4 9.4 24.6 0 33.9L246.6 467.3c-9.4 9.4-24.6 9.4-33.9 0l-22.2-22.2c-9.5-9.5-9.3-25 .4-34.3L311.4 296H24c-13.3 0-24-10.7-24-24v-32c0-13.3 10.7-24 24-24h287.4L190.9 101.2c-9.8-9.3-10-24.8-.4-34.3z\"><\/path><\/svg>\t\t\t<\/span>\n\t\t\t\t\t\t\t\t\t<span class=\"elementor-button-text\">Zobrazit v\u00edce<\/span>\n\t\t\t\t\t<\/span>\n\t\t\t\t\t<\/a>\n\t\t\t\t<\/div>\n\t\t\t\t\t\t\t\t<\/div>\n\t\t\t\t<\/div>\n\t\t\t\t\t<\/div>\n\t\t<\/div>\n\t\t\t\t\t<\/div>\n\t\t<\/section>\n\t\t\t\t<\/div>\n\t\t","protected":false},"excerpt":{"rendered":"<p>Slu\u017eby Epoxidov\u00e9 podlahy Epoxidov\u00e9 podlahy jsou ide\u00e1ln\u00edm \u0159e\u0161en\u00edm pro prostory, kter\u00e9 vy\u017eaduj\u00ed vysokou odolnost a dlouhou \u017eivotnost. Nab\u00edzej\u00ed pevn\u00fd a [&hellip;]<\/p>\n","protected":false},"author":1,"featured_media":0,"parent":0,"menu_order":0,"comment_status":"closed","ping_status":"closed","template":"elementor_header_footer","meta":{"site-sidebar-layout":"default","site-content-layout":"","ast-site-content-layout":"default","site-content-style":"default","site-sidebar-style":"default","ast-global-header-display":"","ast-banner-title-visibility":"","ast-main-header-display":"","ast-hfb-above-header-display":"","ast-hfb-below-header-display":"","ast-hfb-mobile-header-display":"","site-post-title":"disabled","ast-breadcrumbs-content":"","ast-featured-img":"","footer-sml-layout":"","ast-disable-related-posts":"","theme-transparent-header-meta":"","adv-header-id-meta":"","stick-header-meta":"","header-above-stick-meta":"","header-main-stick-meta":"","header-below-stick-meta":"","astra-migrate-meta-layouts":"default","ast-page-background-enabled":"default","ast-page-background-meta":{"desktop":{"background-color":"var(--ast-global-color-4)","background-image":"","background-repeat":"repeat","background-position":"center center","background-size":"auto","background-attachment":"scroll","background-type":"","background-media":"","overlay-type":"","overlay-color":"","overlay-opacity":"","overlay-gradient":""},"tablet":{"background-color":"","background-image":"","background-repeat":"repeat","background-position":"center center","background-size":"auto","background-attachment":"scroll","background-type":"","background-media":"","overlay-type":"","overlay-color":"","overlay-opacity":"","overlay-gradient":""},"mobile":{"background-color":"","background-image":"","background-repeat":"repeat","background-position":"center center","background-size":"auto","background-attachment":"scroll","background-type":"","background-media":"","overlay-type":"","overlay-color":"","overlay-opacity":"","overlay-gradient":""}},"ast-content-background-meta":{"desktop":{"background-color":"var(--ast-global-color-5)","background-image":"","background-repeat":"repeat","background-position":"center center","background-size":"auto","background-attachment":"scroll","background-type":"","background-media":"","overlay-type":"","overlay-color":"","overlay-opacity":"","overlay-gradient":""},"tablet":{"background-color":"var(--ast-global-color-5)","background-image":"","background-repeat":"repeat","background-position":"center center","background-size":"auto","background-attachment":"scroll","background-type":"","background-media":"","overlay-type":"","overlay-color":"","overlay-opacity":"","overlay-gradient":""},"mobile":{"background-color":"var(--ast-global-color-5)","background-image":"","background-repeat":"repeat","background-position":"center center","background-size":"auto","background-attachment":"scroll","background-type":"","background-media":"","overlay-type":"","overlay-color":"","overlay-opacity":"","overlay-gradient":""}},"footnotes":""},"class_list":["post-866","page","type-page","status-publish","hentry"],"yoast_head":"<!-- This site is optimized with the Yoast SEO Premium plugin v25.9 (Yoast SEO v26.8) - https:\/\/yoast.com\/product\/yoast-seo-premium-wordpress\/ -->\n<title>Epoxidov\u00e9, polyuretanov\u00e9 a UCRETE podlahy | Mepox<\/title>\n<meta name=\"description\" content=\"Epoxidov\u00e9 podlahy, polyuretanov\u00e9 podlahy a polyuretan betonov\u00e9 podlahy UCRETE p\u0159edstavuj\u00ed odoln\u00e1, hygienick\u00e1 a estetick\u00e1 \u0159e\u0161en\u00ed pro \u0161irok\u00e9 spektrum vyu\u017eit\u00ed.\" \/>\n<meta name=\"robots\" content=\"index, follow, max-snippet:-1, max-image-preview:large, max-video-preview:-1\" \/>\n<link rel=\"canonical\" href=\"https:\/\/www.mepox.sk\/cs\/sluzby\/\" \/>\n<meta property=\"og:locale\" content=\"cs_CZ\" \/>\n<meta property=\"og:type\" content=\"article\" \/>\n<meta property=\"og:title\" content=\"Slu\u017eby\" \/>\n<meta property=\"og:description\" content=\"Epoxidov\u00e9 podlahy, polyuretanov\u00e9 podlahy a polyuretan betonov\u00e9 podlahy UCRETE p\u0159edstavuj\u00ed odoln\u00e1, hygienick\u00e1 a estetick\u00e1 \u0159e\u0161en\u00ed pro \u0161irok\u00e9 spektrum vyu\u017eit\u00ed.\" \/>\n<meta property=\"og:url\" content=\"https:\/\/www.mepox.sk\/cs\/sluzby\/\" \/>\n<meta property=\"og:site_name\" content=\"Mepox\" \/>\n<meta property=\"article:modified_time\" content=\"2026-01-13T16:38:40+00:00\" \/>\n<meta property=\"og:image\" content=\"https:\/\/www.mepox.sk\/wp-content\/uploads\/2024\/11\/repair-services-line-design-style-icons-set-23HQ4V2a.png\" \/>\n\t<meta property=\"og:image:width\" content=\"300\" \/>\n\t<meta property=\"og:image:height\" content=\"300\" \/>\n\t<meta property=\"og:image:type\" content=\"image\/png\" \/>\n<meta name=\"twitter:card\" content=\"summary_large_image\" \/>\n<meta name=\"twitter:label1\" content=\"Odhadovan\u00e1 doba \u010dten\u00ed\" \/>\n\t<meta name=\"twitter:data1\" content=\"2 minuty\" \/>\n<script type=\"application\/ld+json\" class=\"yoast-schema-graph\">{\"@context\":\"https:\/\/schema.org\",\"@graph\":[{\"@type\":\"WebPage\",\"@id\":\"https:\/\/www.mepox.sk\/cs\/sluzby\/\",\"url\":\"https:\/\/www.mepox.sk\/cs\/sluzby\/\",\"name\":\"Epoxidov\u00e9, polyuretanov\u00e9 a UCRETE podlahy | Mepox\",\"isPartOf\":{\"@id\":\"https:\/\/www.mepox.sk\/cs\/#website\"},\"primaryImageOfPage\":{\"@id\":\"https:\/\/www.mepox.sk\/cs\/sluzby\/#primaryimage\"},\"image\":{\"@id\":\"https:\/\/www.mepox.sk\/cs\/sluzby\/#primaryimage\"},\"thumbnailUrl\":\"https:\/\/www.mepox.sk\/wp-content\/uploads\/2024\/11\/repair-services-line-design-style-icons-set-23HQ4V2a.png\",\"datePublished\":\"2024-11-06T19:56:14+00:00\",\"dateModified\":\"2026-01-13T16:38:40+00:00\",\"description\":\"Epoxidov\u00e9 podlahy, polyuretanov\u00e9 podlahy a polyuretan betonov\u00e9 podlahy UCRETE p\u0159edstavuj\u00ed odoln\u00e1, hygienick\u00e1 a estetick\u00e1 \u0159e\u0161en\u00ed pro \u0161irok\u00e9 spektrum vyu\u017eit\u00ed.\",\"breadcrumb\":{\"@id\":\"https:\/\/www.mepox.sk\/cs\/sluzby\/#breadcrumb\"},\"inLanguage\":\"cs\",\"potentialAction\":[{\"@type\":\"ReadAction\",\"target\":[\"https:\/\/www.mepox.sk\/cs\/sluzby\/\"]}]},{\"@type\":\"ImageObject\",\"inLanguage\":\"cs\",\"@id\":\"https:\/\/www.mepox.sk\/cs\/sluzby\/#primaryimage\",\"url\":\"https:\/\/www.mepox.sk\/wp-content\/uploads\/2024\/11\/repair-services-line-design-style-icons-set-23HQ4V2a.png\",\"contentUrl\":\"https:\/\/www.mepox.sk\/wp-content\/uploads\/2024\/11\/repair-services-line-design-style-icons-set-23HQ4V2a.png\"},{\"@type\":\"BreadcrumbList\",\"@id\":\"https:\/\/www.mepox.sk\/cs\/sluzby\/#breadcrumb\",\"itemListElement\":[{\"@type\":\"ListItem\",\"position\":1,\"name\":\"Domovsk\u00e1 str\u00e1nka\",\"item\":\"https:\/\/www.mepox.sk\/cs\/\"},{\"@type\":\"ListItem\",\"position\":2,\"name\":\"Slu\u017eby\"}]},{\"@type\":\"WebSite\",\"@id\":\"https:\/\/www.mepox.sk\/cs\/#website\",\"url\":\"https:\/\/www.mepox.sk\/cs\/\",\"name\":\"Mepox\",\"description\":\"\",\"potentialAction\":[{\"@type\":\"SearchAction\",\"target\":{\"@type\":\"EntryPoint\",\"urlTemplate\":\"https:\/\/www.mepox.sk\/cs\/?s={search_term_string}\"},\"query-input\":{\"@type\":\"PropertyValueSpecification\",\"valueRequired\":true,\"valueName\":\"search_term_string\"}}],\"inLanguage\":\"cs\"},{\"@type\":\"ImageObject\",\"inLanguage\":\"cs\",\"@id\":\"https:\/\/www.mepox.sk\/cs\/sluzby\/#local-main-organization-logo\",\"url\":\"\",\"contentUrl\":\"\",\"caption\":\"Mepox\"}]}<\/script>\n<meta name=\"geo.placename\" content=\"\u010cierne\" \/>\n<!-- \/ Yoast SEO Premium plugin. -->","yoast_head_json":{"title":"Epoxidov\u00e9, polyuretanov\u00e9 a UCRETE podlahy | Mepox","description":"Epoxidov\u00e9 podlahy, polyuretanov\u00e9 podlahy a polyuretan betonov\u00e9 podlahy UCRETE p\u0159edstavuj\u00ed odoln\u00e1, hygienick\u00e1 a estetick\u00e1 \u0159e\u0161en\u00ed pro \u0161irok\u00e9 spektrum vyu\u017eit\u00ed.","robots":{"index":"index","follow":"follow","max-snippet":"max-snippet:-1","max-image-preview":"max-image-preview:large","max-video-preview":"max-video-preview:-1"},"canonical":"https:\/\/www.mepox.sk\/cs\/sluzby\/","og_locale":"cs_CZ","og_type":"article","og_title":"Slu\u017eby","og_description":"Epoxidov\u00e9 podlahy, polyuretanov\u00e9 podlahy a polyuretan betonov\u00e9 podlahy UCRETE p\u0159edstavuj\u00ed odoln\u00e1, hygienick\u00e1 a estetick\u00e1 \u0159e\u0161en\u00ed pro \u0161irok\u00e9 spektrum vyu\u017eit\u00ed.","og_url":"https:\/\/www.mepox.sk\/cs\/sluzby\/","og_site_name":"Mepox","article_modified_time":"2026-01-13T16:38:40+00:00","og_image":[{"width":300,"height":300,"url":"https:\/\/www.mepox.sk\/wp-content\/uploads\/2024\/11\/repair-services-line-design-style-icons-set-23HQ4V2a.png","type":"image\/png"}],"twitter_card":"summary_large_image","twitter_misc":{"Odhadovan\u00e1 doba \u010dten\u00ed":"2 minuty"},"schema":{"@context":"https:\/\/schema.org","@graph":[{"@type":"WebPage","@id":"https:\/\/www.mepox.sk\/cs\/sluzby\/","url":"https:\/\/www.mepox.sk\/cs\/sluzby\/","name":"Epoxidov\u00e9, polyuretanov\u00e9 a UCRETE podlahy | Mepox","isPartOf":{"@id":"https:\/\/www.mepox.sk\/cs\/#website"},"primaryImageOfPage":{"@id":"https:\/\/www.mepox.sk\/cs\/sluzby\/#primaryimage"},"image":{"@id":"https:\/\/www.mepox.sk\/cs\/sluzby\/#primaryimage"},"thumbnailUrl":"https:\/\/www.mepox.sk\/wp-content\/uploads\/2024\/11\/repair-services-line-design-style-icons-set-23HQ4V2a.png","datePublished":"2024-11-06T19:56:14+00:00","dateModified":"2026-01-13T16:38:40+00:00","description":"Epoxidov\u00e9 podlahy, polyuretanov\u00e9 podlahy a polyuretan betonov\u00e9 podlahy UCRETE p\u0159edstavuj\u00ed odoln\u00e1, hygienick\u00e1 a estetick\u00e1 \u0159e\u0161en\u00ed pro \u0161irok\u00e9 spektrum vyu\u017eit\u00ed.","breadcrumb":{"@id":"https:\/\/www.mepox.sk\/cs\/sluzby\/#breadcrumb"},"inLanguage":"cs","potentialAction":[{"@type":"ReadAction","target":["https:\/\/www.mepox.sk\/cs\/sluzby\/"]}]},{"@type":"ImageObject","inLanguage":"cs","@id":"https:\/\/www.mepox.sk\/cs\/sluzby\/#primaryimage","url":"https:\/\/www.mepox.sk\/wp-content\/uploads\/2024\/11\/repair-services-line-design-style-icons-set-23HQ4V2a.png","contentUrl":"https:\/\/www.mepox.sk\/wp-content\/uploads\/2024\/11\/repair-services-line-design-style-icons-set-23HQ4V2a.png"},{"@type":"BreadcrumbList","@id":"https:\/\/www.mepox.sk\/cs\/sluzby\/#breadcrumb","itemListElement":[{"@type":"ListItem","position":1,"name":"Domovsk\u00e1 str\u00e1nka","item":"https:\/\/www.mepox.sk\/cs\/"},{"@type":"ListItem","position":2,"name":"Slu\u017eby"}]},{"@type":"WebSite","@id":"https:\/\/www.mepox.sk\/cs\/#website","url":"https:\/\/www.mepox.sk\/cs\/","name":"Mepox","description":"","potentialAction":[{"@type":"SearchAction","target":{"@type":"EntryPoint","urlTemplate":"https:\/\/www.mepox.sk\/cs\/?s={search_term_string}"},"query-input":{"@type":"PropertyValueSpecification","valueRequired":true,"valueName":"search_term_string"}}],"inLanguage":"cs"},{"@type":"ImageObject","inLanguage":"cs","@id":"https:\/\/www.mepox.sk\/cs\/sluzby\/#local-main-organization-logo","url":"","contentUrl":"","caption":"Mepox"}]},"geo.placename":"\u010cierne"},"_links":{"self":[{"href":"https:\/\/www.mepox.sk\/cs\/wp-json\/wp\/v2\/pages\/866","targetHints":{"allow":["GET"]}}],"collection":[{"href":"https:\/\/www.mepox.sk\/cs\/wp-json\/wp\/v2\/pages"}],"about":[{"href":"https:\/\/www.mepox.sk\/cs\/wp-json\/wp\/v2\/types\/page"}],"author":[{"embeddable":true,"href":"https:\/\/www.mepox.sk\/cs\/wp-json\/wp\/v2\/users\/1"}],"replies":[{"embeddable":true,"href":"https:\/\/www.mepox.sk\/cs\/wp-json\/wp\/v2\/comments?post=866"}],"version-history":[{"count":7,"href":"https:\/\/www.mepox.sk\/cs\/wp-json\/wp\/v2\/pages\/866\/revisions"}],"predecessor-version":[{"id":873,"href":"https:\/\/www.mepox.sk\/cs\/wp-json\/wp\/v2\/pages\/866\/revisions\/873"}],"wp:attachment":[{"href":"https:\/\/www.mepox.sk\/cs\/wp-json\/wp\/v2\/media?parent=866"}],"curies":[{"name":"wp","href":"https:\/\/api.w.org\/{rel}","templated":true}]}}