{"id":806,"date":"2025-11-01T23:48:59","date_gmt":"2025-11-01T22:48:59","guid":{"rendered":"https:\/\/www.mepox.sk\/?page_id=806"},"modified":"2026-01-13T13:04:13","modified_gmt":"2026-01-13T12:04:13","slug":"blog","status":"publish","type":"page","link":"https:\/\/www.mepox.sk\/cs\/blog\/","title":{"rendered":"Blog"},"content":{"rendered":"\t\t<div data-elementor-type=\"wp-page\" data-elementor-id=\"806\" class=\"elementor elementor-806\" data-elementor-post-type=\"page\">\n\t\t\t\t\t\t<section class=\"elementor-section elementor-top-section elementor-element elementor-element-51314294 elementor-section-height-min-height elementor-section-boxed elementor-section-height-default elementor-section-items-middle\" data-id=\"51314294\" data-element_type=\"section\" data-e-type=\"section\" data-settings=\"{&quot;background_background&quot;:&quot;classic&quot;}\">\n\t\t\t\t\t\t\t<div class=\"elementor-background-overlay\"><\/div>\n\t\t\t\t\t\t\t<div class=\"elementor-container elementor-column-gap-default\">\n\t\t\t\t\t<div class=\"elementor-column elementor-col-100 elementor-top-column elementor-element elementor-element-3349c7e3\" data-id=\"3349c7e3\" data-element_type=\"column\" data-e-type=\"column\">\n\t\t\t<div class=\"elementor-widget-wrap elementor-element-populated\">\n\t\t\t\t\t\t<div class=\"elementor-element elementor-element-6d30a136 elementor-widget elementor-widget-heading\" data-id=\"6d30a136\" data-element_type=\"widget\" data-e-type=\"widget\" data-widget_type=\"heading.default\">\n\t\t\t\t<div class=\"elementor-widget-container\">\n\t\t\t\t\t<h1 class=\"elementor-heading-title elementor-size-default\">Blog<\/h1>\t\t\t\t<\/div>\n\t\t\t\t<\/div>\n\t\t\t\t\t<\/div>\n\t\t<\/div>\n\t\t\t\t\t<\/div>\n\t\t<\/section>\n\t\t<div class=\"elementor-element elementor-element-e9450e1 e-flex e-con-boxed e-con e-parent\" data-id=\"e9450e1\" data-element_type=\"container\" data-e-type=\"container\">\n\t\t\t\t\t<div class=\"e-con-inner\">\n\t\t\t\t<div class=\"elementor-element elementor-element-2f14e3c elementor-widget elementor-widget-text-editor\" data-id=\"2f14e3c\" data-element_type=\"widget\" data-e-type=\"widget\" data-widget_type=\"text-editor.default\">\n\t\t\t\t<div class=\"elementor-widget-container\">\n\t\t\t\t\t\t\t\t\t<p>Hled\u00e1te inspiraci, jak si vybrat tu spr\u00e1vnou podlahu? \ud83d\udca1 Na na\u0161em blogu najdete praktick\u00e9 tipy, porovn\u00e1n\u00ed a rady od odborn\u00edk\u016f z Mepox s.r.o. P\u00ed\u0161eme o tom, jak pe\u010dovat o lit\u00e9 podlahy, jak\u00fd je rozd\u00edl mezi epoxidovou a polyuretanovou podlahou, i o tom, pro\u010d se vyplat\u00ed zvolit syst\u00e9m UCRETE do n\u00e1ro\u010dn\u00fdch provoz\u016f.<\/p>\t\t\t\t\t\t\t\t<\/div>\n\t\t\t\t<\/div>\n\t\t\t\t<div class=\"elementor-element elementor-element-89895f0 uael-equal__height-yes uael-posts-thumbnail-ratio elementor-widget elementor-widget-uael-posts\" data-id=\"89895f0\" data-element_type=\"widget\" data-e-type=\"widget\" data-settings=\"{&quot;classic_slides_to_show&quot;:3,&quot;classic_slides_to_show_tablet&quot;:2,&quot;classic_slides_to_show_mobile&quot;:1,&quot;classic_show_filters&quot;:&quot;no&quot;}\" data-widget_type=\"uael-posts.classic\">\n\t\t\t\t<div class=\"elementor-widget-container\">\n\t\t\t\t\t\t\t<div class=\"uael-post__header\">\n\t\t\t\t\t<\/div>\n\t\t<div class=\"uael-post__body\">\n\t\t\t\n\t\t\n\t\t<div class=\"uael-blog-terms-position- uael-post-image-top uael-post-grid uael-posts\" data-query-type=\"custom\" data-structure=\"normal\" data-layout=\"\" data-page=\"806\" data-skin=\"classic\" data-filter-default=\"\" data-offset-top=\"30\" >\n\n\t\t\t\t\t\t\t<div class=\"uael-post-grid__inner uael-post__columns-3 uael-post__columns-tablet-2 uael-post__columns-mobile-1\">\n\t\t\t\n<div class=\"uael-post-wrapper   uncategorized-@cs \">\n\t<div class=\"uael-post__bg-wrap uael-bg-wrap-disabled \">\n\n\t\t\t\t\n\t\t<div class=\"uael-post__inner-wrap uael-inner-wrap-disabled\">\n\n\t\t\t\t<div class=\"uael-post__thumbnail\">\n\t\t\t\n\t\t\t<a href=\"https:\/\/www.mepox.sk\/cs\/lite-podlahy-do-koupelny-moderni-hygienicke-a-odolne-reseni\/\" target=\"_self\" title=\"Lit\u00e9 podlahy do koupelny \u2013 modern\u00ed, hygienick\u00e9 a odoln\u00e9 \u0159e\u0161en\u00ed\"><img fetchpriority=\"high\" decoding=\"async\" width=\"1500\" height=\"2000\" src=\"https:\/\/www.mepox.sk\/wp-content\/uploads\/2026\/01\/polyuretan-6.webp\" class=\"attachment-full size-full wp-image-887\" alt=\"\" srcset=\"https:\/\/www.mepox.sk\/wp-content\/uploads\/2026\/01\/polyuretan-6.webp 1500w, https:\/\/www.mepox.sk\/wp-content\/uploads\/2026\/01\/polyuretan-6-225x300.webp 225w, https:\/\/www.mepox.sk\/wp-content\/uploads\/2026\/01\/polyuretan-6-768x1024.webp 768w, https:\/\/www.mepox.sk\/wp-content\/uploads\/2026\/01\/polyuretan-6-1152x1536.webp 1152w\" sizes=\"(max-width: 1500px) 100vw, 1500px\" \/><\/a>\n\t\t\t\t\t<\/div>\n\t\t\n\t\t\t\n\t\t\t<div class=\"uael-post__content-wrap uael-content-wrap-disabled\">\n\t\t\t\t\t<h3 class=\"uael-post__title\">\n\n\t\t\n\t\t\t\t\t\t<a href=\"https:\/\/www.mepox.sk\/cs\/lite-podlahy-do-koupelny-moderni-hygienicke-a-odolne-reseni\/\" target=\"_self\">\n\t\t\t\tLit\u00e9 podlahy do koupelny \u2013 modern\u00ed, hygienick\u00e9 a odoln\u00e9 \u0159e\u0161en\u00ed\t\t\t<\/a>\n\n\t\t\t\t<\/h3>\n\t\t\n\t\t<div class=\"uael-post__excerpt\">\n\t\t\tLit\u00e1 podlaha p\u0159edstavuje modern\u00ed podlahu do koupelny, kter\u00e1 spl\u0148uje n\u00e1roky na hygienu, odolnost i estetiku. Jedn\u00e1 se o bezesp\u00e1rovou podlahu bez spoj\u016f, d\u00edky \u010demu\u017e eliminuje ...\t\t<\/div>\n\n\t\t\t\t\t<a class=\"uael-post__read-more elementor-button\" href=\"https:\/\/www.mepox.sk\/cs\/lite-podlahy-do-koupelny-moderni-hygienicke-a-odolne-reseni\/\" target=\"_self\" aria-labelledby=\"uael-post-886\">\n\t\t\t\t\t<span class=\"elementor-button-content-wrapper\">\n\t\t\t\t\t\t\t\t\t\t\t\t\t\t<span class=\"elementor-button-icon elementor-align-icon-left\">\n\n\t\t\t\t\t\t\t\t\t\n\t\t\t\t\t\t\t\t<\/span>\n\t\t\t\t\t\t\t\t\t\t\t\t\t\n\t\t\t\t\t\t<span class=\"elementor-button-text\" id=uael-post-886>Zobrazi\u0165 viac \u2192<\/span>\n\t\t\t\t\t<\/span>\n\t\t\t\t<\/a>\n\t\t\t\t\t\t<\/div>\n\t\t\t\n\t\t<\/div>\n\t\t\n\t<\/div>\n\n<\/div>\n\n<div class=\"uael-post-wrapper   uncategorized-@cs \">\n\t<div class=\"uael-post__bg-wrap uael-bg-wrap-disabled \">\n\n\t\t\t\t\n\t\t<div class=\"uael-post__inner-wrap uael-inner-wrap-disabled\">\n\n\t\t\t\t<div class=\"uael-post__thumbnail\">\n\t\t\t\n\t\t\t<a href=\"https:\/\/www.mepox.sk\/cs\/odolne-podlahy-do-skladu\/\" target=\"_self\" title=\"Odoln\u00e9 podlahy do sklad\u016f a v\u00fdrobn\u00edch hal \u2013 \u0159e\u0161en\u00ed pro extr\u00e9mn\u00ed z\u00e1t\u011b\u017e a chemicky n\u00e1ro\u010dn\u00e9 prost\u0159ed\u00ed\"><img decoding=\"async\" width=\"2016\" height=\"1512\" src=\"https:\/\/www.mepox.sk\/wp-content\/uploads\/2026\/01\/Epoxid-6.webp\" class=\"attachment-full size-full wp-image-904\" alt=\"Odoln\u00e9 podlahy do sklad\u016f a v\u00fdrobn\u00edch hal\" srcset=\"https:\/\/www.mepox.sk\/wp-content\/uploads\/2026\/01\/Epoxid-6.webp 2016w, https:\/\/www.mepox.sk\/wp-content\/uploads\/2026\/01\/Epoxid-6-300x225.webp 300w, https:\/\/www.mepox.sk\/wp-content\/uploads\/2026\/01\/Epoxid-6-1024x768.webp 1024w, https:\/\/www.mepox.sk\/wp-content\/uploads\/2026\/01\/Epoxid-6-768x576.webp 768w, https:\/\/www.mepox.sk\/wp-content\/uploads\/2026\/01\/Epoxid-6-1536x1152.webp 1536w\" sizes=\"(max-width: 2016px) 100vw, 2016px\" \/><\/a>\n\t\t\t\t\t<\/div>\n\t\t\n\t\t\t\n\t\t\t<div class=\"uael-post__content-wrap uael-content-wrap-disabled\">\n\t\t\t\t\t<h3 class=\"uael-post__title\">\n\n\t\t\n\t\t\t\t\t\t<a href=\"https:\/\/www.mepox.sk\/cs\/odolne-podlahy-do-skladu\/\" target=\"_self\">\n\t\t\t\tOdoln\u00e9 podlahy do sklad\u016f a v\u00fdrobn\u00edch hal \u2013 \u0159e\u0161en\u00ed pro extr\u00e9mn\u00ed z\u00e1t\u011b\u017e a chemicky n\u00e1ro\u010dn\u00e9 prost\u0159ed\u00ed\t\t\t<\/a>\n\n\t\t\t\t<\/h3>\n\t\t\n\t\t<div class=\"uael-post__excerpt\">\n\t\t\tSklady, v\u00fdrobn\u00ed haly a logistick\u00e1 centra vy\u017eaduj\u00ed mimo\u0159\u00e1dn\u011b odoln\u00e9 podlahy, kter\u00e9 dok\u00e1\u017eou dlouhodob\u011b zvl\u00e1dat nep\u0159etr\u017eitou z\u00e1t\u011b\u017e t\u011b\u017ek\u00e9 techniky a z\u00e1rove\u0148 odolat p\u016fsoben\u00ed agresivn\u00edch l\u00e1tek. V ...\t\t<\/div>\n\n\t\t\t\t\t<a class=\"uael-post__read-more elementor-button\" href=\"https:\/\/www.mepox.sk\/cs\/odolne-podlahy-do-skladu\/\" target=\"_self\" aria-labelledby=\"uael-post-903\">\n\t\t\t\t\t<span class=\"elementor-button-content-wrapper\">\n\t\t\t\t\t\t\t\t\t\t\t\t\t\t<span class=\"elementor-button-icon elementor-align-icon-left\">\n\n\t\t\t\t\t\t\t\t\t\n\t\t\t\t\t\t\t\t<\/span>\n\t\t\t\t\t\t\t\t\t\t\t\t\t\n\t\t\t\t\t\t<span class=\"elementor-button-text\" id=uael-post-903>Zobrazi\u0165 viac \u2192<\/span>\n\t\t\t\t\t<\/span>\n\t\t\t\t<\/a>\n\t\t\t\t\t\t<\/div>\n\t\t\t\n\t\t<\/div>\n\t\t\n\t<\/div>\n\n<\/div>\n\n<div class=\"uael-post-wrapper   uncategorized-@cs \">\n\t<div class=\"uael-post__bg-wrap uael-bg-wrap-disabled \">\n\n\t\t\t\t\n\t\t<div class=\"uael-post__inner-wrap uael-inner-wrap-disabled\">\n\n\t\t\t\t<div class=\"uael-post__thumbnail\">\n\t\t\t\n\t\t\t<a href=\"https:\/\/www.mepox.sk\/cs\/epoxidove-lite-podlahy-vyhody-oproti-klasicke-dlazbe\/\" target=\"_self\" title=\"Epoxidov\u00e9 lit\u00e9 podlahy \u2013 v\u00fdhody oproti klasick\u00e9 dla\u017eb\u011b\"><img decoding=\"async\" width=\"1512\" height=\"2016\" src=\"https:\/\/www.mepox.sk\/wp-content\/uploads\/2026\/01\/IMG_3953.webp\" class=\"attachment-full size-full wp-image-895\" alt=\"Epoxidov\u00e9 lit\u00e9 podlahy\" srcset=\"https:\/\/www.mepox.sk\/wp-content\/uploads\/2026\/01\/IMG_3953.webp 1512w, https:\/\/www.mepox.sk\/wp-content\/uploads\/2026\/01\/IMG_3953-225x300.webp 225w, https:\/\/www.mepox.sk\/wp-content\/uploads\/2026\/01\/IMG_3953-768x1024.webp 768w, https:\/\/www.mepox.sk\/wp-content\/uploads\/2026\/01\/IMG_3953-1152x1536.webp 1152w\" sizes=\"(max-width: 1512px) 100vw, 1512px\" \/><\/a>\n\t\t\t\t\t<\/div>\n\t\t\n\t\t\t\n\t\t\t<div class=\"uael-post__content-wrap uael-content-wrap-disabled\">\n\t\t\t\t\t<h3 class=\"uael-post__title\">\n\n\t\t\n\t\t\t\t\t\t<a href=\"https:\/\/www.mepox.sk\/cs\/epoxidove-lite-podlahy-vyhody-oproti-klasicke-dlazbe\/\" target=\"_self\">\n\t\t\t\tEpoxidov\u00e9 lit\u00e9 podlahy \u2013 v\u00fdhody oproti klasick\u00e9 dla\u017eb\u011b\t\t\t<\/a>\n\n\t\t\t\t<\/h3>\n\t\t\n\t\t<div class=\"uael-post__excerpt\">\n\t\t\tEpoxidov\u00e9 podlahy jsou syntetick\u00e9, celoplo\u0161n\u00e9 lit\u00e9 podlahy z epoxidov\u00e9 prysky\u0159ice, kter\u00e9 se vyzna\u010duj\u00ed vysokou mechanickou pevnost\u00ed a ur\u010ditou pru\u017enost\u00ed. V posledn\u00edch letech nab\u00fdvaj\u00ed na oblib\u011b ...\t\t<\/div>\n\n\t\t\t\t\t<a class=\"uael-post__read-more elementor-button\" href=\"https:\/\/www.mepox.sk\/cs\/epoxidove-lite-podlahy-vyhody-oproti-klasicke-dlazbe\/\" target=\"_self\" aria-labelledby=\"uael-post-893\">\n\t\t\t\t\t<span class=\"elementor-button-content-wrapper\">\n\t\t\t\t\t\t\t\t\t\t\t\t\t\t<span class=\"elementor-button-icon elementor-align-icon-left\">\n\n\t\t\t\t\t\t\t\t\t\n\t\t\t\t\t\t\t\t<\/span>\n\t\t\t\t\t\t\t\t\t\t\t\t\t\n\t\t\t\t\t\t<span class=\"elementor-button-text\" id=uael-post-893>Zobrazi\u0165 viac \u2192<\/span>\n\t\t\t\t\t<\/span>\n\t\t\t\t<\/a>\n\t\t\t\t\t\t<\/div>\n\t\t\t\n\t\t<\/div>\n\t\t\n\t<\/div>\n\n<\/div>\n\t\t\t\t<\/div>\n\t\t\t\t\t\t\n\t\t<\/div>\n\n\t\t\t\t\t\t<\/div>\n\t\t<div class=\"uael-post__footer\">\n\t\t\t\t\t<\/div>\n\t\t\t\t\t\t<\/div>\n\t\t\t\t<\/div>\n\t\t\t\t\t<\/div>\n\t\t\t\t<\/div>\n\t\t\t\t<\/div>\n\t\t","protected":false},"excerpt":{"rendered":"<p>Blog Hled\u00e1te inspiraci, jak si vybrat tu spr\u00e1vnou podlahu? \ud83d\udca1 Na na\u0161em blogu najdete praktick\u00e9 tipy, porovn\u00e1n\u00ed a rady od [&hellip;]<\/p>\n","protected":false},"author":1,"featured_media":0,"parent":0,"menu_order":0,"comment_status":"closed","ping_status":"closed","template":"","meta":{"site-sidebar-layout":"no-sidebar","site-content-layout":"","ast-site-content-layout":"full-width-container","site-content-style":"default","site-sidebar-style":"default","ast-global-header-display":"","ast-banner-title-visibility":"","ast-main-header-display":"","ast-hfb-above-header-display":"","ast-hfb-below-header-display":"","ast-hfb-mobile-header-display":"","site-post-title":"","ast-breadcrumbs-content":"","ast-featured-img":"disabled","footer-sml-layout":"","ast-disable-related-posts":"","theme-transparent-header-meta":"","adv-header-id-meta":"","stick-header-meta":"","header-above-stick-meta":"","header-main-stick-meta":"","header-below-stick-meta":"","astra-migrate-meta-layouts":"default","ast-page-background-enabled":"default","ast-page-background-meta":{"desktop":{"background-color":"var(--ast-global-color-4)","background-image":"","background-repeat":"repeat","background-position":"center center","background-size":"auto","background-attachment":"scroll","background-type":"","background-media":"","overlay-type":"","overlay-color":"","overlay-opacity":"","overlay-gradient":""},"tablet":{"background-color":"","background-image":"","background-repeat":"repeat","background-position":"center center","background-size":"auto","background-attachment":"scroll","background-type":"","background-media":"","overlay-type":"","overlay-color":"","overlay-opacity":"","overlay-gradient":""},"mobile":{"background-color":"","background-image":"","background-repeat":"repeat","background-position":"center center","background-size":"auto","background-attachment":"scroll","background-type":"","background-media":"","overlay-type":"","overlay-color":"","overlay-opacity":"","overlay-gradient":""}},"ast-content-background-meta":{"desktop":{"background-color":"var(--ast-global-color-5)","background-image":"","background-repeat":"repeat","background-position":"center center","background-size":"auto","background-attachment":"scroll","background-type":"","background-media":"","overlay-type":"","overlay-color":"","overlay-opacity":"","overlay-gradient":""},"tablet":{"background-color":"var(--ast-global-color-5)","background-image":"","background-repeat":"repeat","background-position":"center center","background-size":"auto","background-attachment":"scroll","background-type":"","background-media":"","overlay-type":"","overlay-color":"","overlay-opacity":"","overlay-gradient":""},"mobile":{"background-color":"var(--ast-global-color-5)","background-image":"","background-repeat":"repeat","background-position":"center center","background-size":"auto","background-attachment":"scroll","background-type":"","background-media":"","overlay-type":"","overlay-color":"","overlay-opacity":"","overlay-gradient":""}},"footnotes":""},"class_list":["post-806","page","type-page","status-publish","hentry"],"yoast_head":"<!-- This site is optimized with the Yoast SEO Premium plugin v25.9 (Yoast SEO v26.8) - https:\/\/yoast.com\/product\/yoast-seo-premium-wordpress\/ -->\n<title>Blog - Mepox<\/title>\n<meta name=\"description\" content=\"Hled\u00e1te inspiraci, jak si vybrat tu spr\u00e1vnou podlahu? Na na\u0161em blogu najdete praktick\u00e9 tipy, porovn\u00e1n\u00ed a rady od odborn\u00edk\u016f z Mepox s.r.o.\" \/>\n<meta name=\"robots\" content=\"index, follow, max-snippet:-1, max-image-preview:large, max-video-preview:-1\" \/>\n<link rel=\"canonical\" href=\"https:\/\/www.mepox.sk\/cs\/blog\/\" \/>\n<meta property=\"og:locale\" content=\"cs_CZ\" \/>\n<meta property=\"og:type\" content=\"article\" \/>\n<meta property=\"og:title\" content=\"Blog\" \/>\n<meta property=\"og:description\" content=\"Hled\u00e1te inspiraci, jak si vybrat tu spr\u00e1vnou podlahu? Na na\u0161em blogu najdete praktick\u00e9 tipy, porovn\u00e1n\u00ed a rady od odborn\u00edk\u016f z Mepox s.r.o.\" \/>\n<meta property=\"og:url\" content=\"https:\/\/www.mepox.sk\/cs\/blog\/\" \/>\n<meta property=\"og:site_name\" content=\"Mepox\" \/>\n<meta property=\"article:modified_time\" content=\"2026-01-13T12:04:13+00:00\" \/>\n<meta name=\"twitter:card\" content=\"summary_large_image\" \/>\n<meta name=\"twitter:label1\" content=\"Odhadovan\u00e1 doba \u010dten\u00ed\" \/>\n\t<meta name=\"twitter:data1\" content=\"1 minuta\" \/>\n<script type=\"application\/ld+json\" class=\"yoast-schema-graph\">{\"@context\":\"https:\/\/schema.org\",\"@graph\":[{\"@type\":\"WebPage\",\"@id\":\"https:\/\/www.mepox.sk\/cs\/blog\/\",\"url\":\"https:\/\/www.mepox.sk\/cs\/blog\/\",\"name\":\"Blog - Mepox\",\"isPartOf\":{\"@id\":\"https:\/\/www.mepox.sk\/cs\/#website\"},\"datePublished\":\"2025-11-01T22:48:59+00:00\",\"dateModified\":\"2026-01-13T12:04:13+00:00\",\"description\":\"Hled\u00e1te inspiraci, jak si vybrat tu spr\u00e1vnou podlahu? Na na\u0161em blogu najdete praktick\u00e9 tipy, porovn\u00e1n\u00ed a rady od odborn\u00edk\u016f z Mepox s.r.o.\",\"breadcrumb\":{\"@id\":\"https:\/\/www.mepox.sk\/cs\/blog\/#breadcrumb\"},\"inLanguage\":\"cs\",\"potentialAction\":[{\"@type\":\"ReadAction\",\"target\":[\"https:\/\/www.mepox.sk\/cs\/blog\/\"]}]},{\"@type\":\"BreadcrumbList\",\"@id\":\"https:\/\/www.mepox.sk\/cs\/blog\/#breadcrumb\",\"itemListElement\":[{\"@type\":\"ListItem\",\"position\":1,\"name\":\"Domovsk\u00e1 str\u00e1nka\",\"item\":\"https:\/\/www.mepox.sk\/cs\/\"},{\"@type\":\"ListItem\",\"position\":2,\"name\":\"Blog\"}]},{\"@type\":\"WebSite\",\"@id\":\"https:\/\/www.mepox.sk\/cs\/#website\",\"url\":\"https:\/\/www.mepox.sk\/cs\/\",\"name\":\"Mepox\",\"description\":\"\",\"potentialAction\":[{\"@type\":\"SearchAction\",\"target\":{\"@type\":\"EntryPoint\",\"urlTemplate\":\"https:\/\/www.mepox.sk\/cs\/?s={search_term_string}\"},\"query-input\":{\"@type\":\"PropertyValueSpecification\",\"valueRequired\":true,\"valueName\":\"search_term_string\"}}],\"inLanguage\":\"cs\"},{\"@type\":\"ImageObject\",\"inLanguage\":\"cs\",\"@id\":\"https:\/\/www.mepox.sk\/cs\/blog\/#local-main-organization-logo\",\"url\":\"\",\"contentUrl\":\"\",\"caption\":\"Mepox\"}]}<\/script>\n<meta name=\"geo.placename\" content=\"\u010cierne\" \/>\n<!-- \/ Yoast SEO Premium plugin. -->","yoast_head_json":{"title":"Blog - Mepox","description":"Hled\u00e1te inspiraci, jak si vybrat tu spr\u00e1vnou podlahu? Na na\u0161em blogu najdete praktick\u00e9 tipy, porovn\u00e1n\u00ed a rady od odborn\u00edk\u016f z Mepox s.r.o.","robots":{"index":"index","follow":"follow","max-snippet":"max-snippet:-1","max-image-preview":"max-image-preview:large","max-video-preview":"max-video-preview:-1"},"canonical":"https:\/\/www.mepox.sk\/cs\/blog\/","og_locale":"cs_CZ","og_type":"article","og_title":"Blog","og_description":"Hled\u00e1te inspiraci, jak si vybrat tu spr\u00e1vnou podlahu? Na na\u0161em blogu najdete praktick\u00e9 tipy, porovn\u00e1n\u00ed a rady od odborn\u00edk\u016f z Mepox s.r.o.","og_url":"https:\/\/www.mepox.sk\/cs\/blog\/","og_site_name":"Mepox","article_modified_time":"2026-01-13T12:04:13+00:00","twitter_card":"summary_large_image","twitter_misc":{"Odhadovan\u00e1 doba \u010dten\u00ed":"1 minuta"},"schema":{"@context":"https:\/\/schema.org","@graph":[{"@type":"WebPage","@id":"https:\/\/www.mepox.sk\/cs\/blog\/","url":"https:\/\/www.mepox.sk\/cs\/blog\/","name":"Blog - Mepox","isPartOf":{"@id":"https:\/\/www.mepox.sk\/cs\/#website"},"datePublished":"2025-11-01T22:48:59+00:00","dateModified":"2026-01-13T12:04:13+00:00","description":"Hled\u00e1te inspiraci, jak si vybrat tu spr\u00e1vnou podlahu? Na na\u0161em blogu najdete praktick\u00e9 tipy, porovn\u00e1n\u00ed a rady od odborn\u00edk\u016f z Mepox s.r.o.","breadcrumb":{"@id":"https:\/\/www.mepox.sk\/cs\/blog\/#breadcrumb"},"inLanguage":"cs","potentialAction":[{"@type":"ReadAction","target":["https:\/\/www.mepox.sk\/cs\/blog\/"]}]},{"@type":"BreadcrumbList","@id":"https:\/\/www.mepox.sk\/cs\/blog\/#breadcrumb","itemListElement":[{"@type":"ListItem","position":1,"name":"Domovsk\u00e1 str\u00e1nka","item":"https:\/\/www.mepox.sk\/cs\/"},{"@type":"ListItem","position":2,"name":"Blog"}]},{"@type":"WebSite","@id":"https:\/\/www.mepox.sk\/cs\/#website","url":"https:\/\/www.mepox.sk\/cs\/","name":"Mepox","description":"","potentialAction":[{"@type":"SearchAction","target":{"@type":"EntryPoint","urlTemplate":"https:\/\/www.mepox.sk\/cs\/?s={search_term_string}"},"query-input":{"@type":"PropertyValueSpecification","valueRequired":true,"valueName":"search_term_string"}}],"inLanguage":"cs"},{"@type":"ImageObject","inLanguage":"cs","@id":"https:\/\/www.mepox.sk\/cs\/blog\/#local-main-organization-logo","url":"","contentUrl":"","caption":"Mepox"}]},"geo.placename":"\u010cierne"},"_links":{"self":[{"href":"https:\/\/www.mepox.sk\/cs\/wp-json\/wp\/v2\/pages\/806","targetHints":{"allow":["GET"]}}],"collection":[{"href":"https:\/\/www.mepox.sk\/cs\/wp-json\/wp\/v2\/pages"}],"about":[{"href":"https:\/\/www.mepox.sk\/cs\/wp-json\/wp\/v2\/types\/page"}],"author":[{"embeddable":true,"href":"https:\/\/www.mepox.sk\/cs\/wp-json\/wp\/v2\/users\/1"}],"replies":[{"embeddable":true,"href":"https:\/\/www.mepox.sk\/cs\/wp-json\/wp\/v2\/comments?post=806"}],"version-history":[{"count":4,"href":"https:\/\/www.mepox.sk\/cs\/wp-json\/wp\/v2\/pages\/806\/revisions"}],"predecessor-version":[{"id":810,"href":"https:\/\/www.mepox.sk\/cs\/wp-json\/wp\/v2\/pages\/806\/revisions\/810"}],"wp:attachment":[{"href":"https:\/\/www.mepox.sk\/cs\/wp-json\/wp\/v2\/media?parent=806"}],"curies":[{"name":"wp","href":"https:\/\/api.w.org\/{rel}","templated":true}]}}